{"id":102,"date":"2025-04-18T14:00:35","date_gmt":"2025-04-18T14:00:35","guid":{"rendered":"https:\/\/spachinger-noah.web.kslinz.at\/spachingern\/?page_id=102"},"modified":"2025-06-15T19:37:52","modified_gmt":"2025-06-15T19:37:52","slug":"ueber-mich","status":"publish","type":"page","link":"https:\/\/spachinger-noah.web.kslinz.at\/spachingern\/?page_id=102","title":{"rendered":"\u00dcber mich"},"content":{"rendered":"\n<div class=\"wp-block-group is-content-justification-center is-nowrap is-layout-flex wp-container-core-group-is-layout-4d66cbff wp-block-group-is-layout-flex\" style=\"min-height:0vh;margin-bottom:10vh;padding-right:15vw;padding-left:15vw\">\n<figure class=\"wp-block-image size-full has-custom-border is-style-default\" style=\"margin-right:0vw;margin-left:0vw\"><img loading=\"lazy\" decoding=\"async\" width=\"1707\" height=\"2560\" src=\"https:\/\/spachinger-noah.web.kslinz.at\/spachingern\/wp-content\/uploads\/2025\/04\/Potraet-1-scaled.jpg\" alt=\"\" class=\"wp-image-89\" style=\"border-style:none;border-width:0px;border-radius:0px\" srcset=\"https:\/\/spachinger-noah.web.kslinz.at\/spachingern\/wp-content\/uploads\/2025\/04\/Potraet-1-scaled.jpg 1707w, https:\/\/spachinger-noah.web.kslinz.at\/spachingern\/wp-content\/uploads\/2025\/04\/Potraet-1-200x300.jpg 200w, https:\/\/spachinger-noah.web.kslinz.at\/spachingern\/wp-content\/uploads\/2025\/04\/Potraet-1-683x1024.jpg 683w, https:\/\/spachinger-noah.web.kslinz.at\/spachingern\/wp-content\/uploads\/2025\/04\/Potraet-1-768x1152.jpg 768w, https:\/\/spachinger-noah.web.kslinz.at\/spachingern\/wp-content\/uploads\/2025\/04\/Potraet-1-1024x1536.jpg 1024w, https:\/\/spachinger-noah.web.kslinz.at\/spachingern\/wp-content\/uploads\/2025\/04\/Potraet-1-1365x2048.jpg 1365w\" sizes=\"auto, (max-width: 1707px) 100vw, 1707px\" \/><\/figure>\n\n\n\n<p class=\"has-medium-font-size\" style=\"font-style:normal;font-weight:500\">Ich bin Noah Spachinger, 18 Jahre, und derzeit Sch\u00fcler der HLW Kreuzschwestern Linz mit Schwerpunkt Mediendesign und Wirtschaft. Meine Ausbildung umfasst Logodesign, Grafikgestaltung, Fotografie und Fotobearbeitung, Printdesign, Video, Animation und 3D-Design. Wir arbeiten mit den g\u00e4ngigen Adobe Programmen Illustrator, Photoshop, InDesign, Premiere Pro und After Effects, sowie mit 3ds Max. Daneben lernen wir au\u00dferdem die Grundlagen in Betriebswirtschaft, Rechnungswesen und Informatik (wo auch diese Website entstand).<\/p>\n<\/div>\n\n\n<div class=\"align wp-block-tlgb-b-timeline-block\" id='BTimelineBlock-1'\r\n  data-attributes='{&quot;timelines&quot;:[{&quot;icon&quot;:&quot;&lt;svg xmlns=&#039;http:\\\/\\\/www.w3.org\\\/2000\\\/svg&#039; viewBox=&#039;0 0 448 512&#039;&gt;&lt;path d=&#039;M64 32C28.7 32 0 60.7 0 96V416c0 35.3 28.7 64 64 64h98.2V334.2H109.4V256h52.8V222.3c0-87.1 39.4-127.5 125-127.5c16.2 0 44.2 3.2 55.7 6.4V172c-6-.6-16.5-1-29.6-1c-42 0-58.2 15.9-58.2 57.2V256h83.6l-14.4 78.2H255V480H384c35.3 0 64-28.7 64-64V96c0-35.3-28.7-64-64-64H64z&#039;\\\/&gt;&lt;\\\/svg&gt;&quot;,&quot;date&quot;:&quot;2002&quot;,&quot;label&quot;:&quot;Volksschule D\\u00f6rnbach&quot;,&quot;description&quot;:&quot;2012-2017&quot;,&quot;isAddTinyEditor&quot;:false},{&quot;icon&quot;:&quot;&lt;svg xmlns=&#039;http:\\\/\\\/www.w3.org\\\/2000\\\/svg&#039; viewBox=&#039;0 0 16 16&#039; id=&#039;instagram&#039;&gt;&lt;path d=&#039;M8 0C5.829 0 5.556.01 4.703.048 3.85.088 3.269.222 2.76.42a3.9 3.9 0 0 0-1.417.923A3.9 3.9 0 0 0 .42 2.76C.222 3.268.087 3.85.048 4.7.01 5.555 0 5.827 0 8.001c0 2.172.01 2.444.048 3.297.04.852.174 1.433.372 1.942.205.526.478.972.923 1.417.444.445.89.719 1.416.923.51.198 1.09.333 1.942.372C5.555 15.99 5.827 16 8 16s2.444-.01 3.298-.048c.851-.04 1.434-.174 1.943-.372a3.9 3.9 0 0 0 1.416-.923c.445-.445.718-.891.923-1.417.197-.509.332-1.09.372-1.942C15.99 10.445 16 10.173 16 8s-.01-2.445-.048-3.299c-.04-.851-.175-1.433-.372-1.941a3.9 3.9 0 0 0-.923-1.417A3.9 3.9 0 0 0 13.24.42c-.51-.198-1.092-.333-1.943-.372C10.443.01 10.172 0 7.998 0zm-.717 1.442h.718c2.136 0 2.389.007 3.232.046.78.035 1.204.166 1.486.275.373.145.64.319.92.599s.453.546.598.92c.11.281.24.705.275 1.485.039.843.047 1.096.047 3.231s-.008 2.389-.047 3.232c-.035.78-.166 1.203-.275 1.485a2.5 2.5 0 0 1-.599.919c-.28.28-.546.453-.92.598-.28.11-.704.24-1.485.276-.843.038-1.096.047-3.232.047s-2.39-.009-3.233-.047c-.78-.036-1.203-.166-1.485-.276a2.5 2.5 0 0 1-.92-.598 2.5 2.5 0 0 1-.6-.92c-.109-.281-.24-.705-.275-1.485-.038-.843-.046-1.096-.046-3.233s.008-2.388.046-3.231c.036-.78.166-1.204.276-1.486.145-.373.319-.64.599-.92s.546-.453.92-.598c.282-.11.705-.24 1.485-.276.738-.034 1.024-.044 2.515-.045zm4.988 1.328a.96.96 0 1 0 0 1.92.96.96 0 0 0 0-1.92m-4.27 1.122a4.109 4.109 0 1 0 0 8.217 4.109 4.109 0 0 0 0-8.217m0 1.441a2.667 2.667 0 1 1 0 5.334 2.667 2.667 0 0 1 0-5.334&#039;\\\/&gt;&lt;\\\/svg&gt;&quot;,&quot;date&quot;:&quot;2003&quot;,&quot;label&quot;:&quot;Stiftsgymnasium Wilhering&quot;,&quot;description&quot;:&quot;2017-2021&quot;,&quot;isAddTinyEditor&quot;:false},{&quot;icon&quot;:&quot;&lt;svg xmlns=&#039;http:\\\/\\\/www.w3.org\\\/2000\\\/svg&#039; viewBox=&#039;0 0 448 512&#039;&gt;&lt;path d=&#039;M64 32C28.7 32 0 60.7 0 96V416c0 35.3 28.7 64 64 64h98.2V334.2H109.4V256h52.8V222.3c0-87.1 39.4-127.5 125-127.5c16.2 0 44.2 3.2 55.7 6.4V172c-6-.6-16.5-1-29.6-1c-42 0-58.2 15.9-58.2 57.2V256h83.6l-14.4 78.2H255V480H384c35.3 0 64-28.7 64-64V96c0-35.3-28.7-64-64-64H64z&#039;\\\/&gt;&lt;\\\/svg&gt;&quot;,&quot;date&quot;:&quot;02-02-2002&quot;,&quot;label&quot;:&quot;HLW Kreuzschwestern Linz&quot;,&quot;description&quot;:&quot;2021 - jetzt&quot;,&quot;isAddTinyEditor&quot;:false},{&quot;icon&quot;:&quot;&lt;svg xmlns=&#039;http:\\\/\\\/www.w3.org\\\/2000\\\/svg&#039; viewBox=&#039;0 0 448 512&#039;&gt;&lt;path d=&#039;M64 32C28.7 32 0 60.7 0 96V416c0 35.3 28.7 64 64 64h98.2V334.2H109.4V256h52.8V222.3c0-87.1 39.4-127.5 125-127.5c16.2 0 44.2 3.2 55.7 6.4V172c-6-.6-16.5-1-29.6-1c-42 0-58.2 15.9-58.2 57.2V256h83.6l-14.4 78.2H255V480H384c35.3 0 64-28.7 64-64V96c0-35.3-28.7-64-64-64H64z&#039;\\\/&gt;&lt;\\\/svg&gt;&quot;,&quot;date&quot;:&quot;02-02-2002&quot;,&quot;label&quot;:&quot;Praktikum Wacker Neuson&quot;,&quot;description&quot;:&quot;2023&quot;,&quot;isAddTinyEditor&quot;:false},{&quot;icon&quot;:&quot;&lt;svg xmlns=&#039;http:\\\/\\\/www.w3.org\\\/2000\\\/svg&#039; viewBox=&#039;0 0 448 512&#039;&gt;&lt;path d=&#039;M64 32C28.7 32 0 60.7 0 96V416c0 35.3 28.7 64 64 64h98.2V334.2H109.4V256h52.8V222.3c0-87.1 39.4-127.5 125-127.5c16.2 0 44.2 3.2 55.7 6.4V172c-6-.6-16.5-1-29.6-1c-42 0-58.2 15.9-58.2 57.2V256h83.6l-14.4 78.2H255V480H384c35.3 0 64-28.7 64-64V96c0-35.3-28.7-64-64-64H64z&#039;\\\/&gt;&lt;\\\/svg&gt;&quot;,&quot;date&quot;:&quot;02-02-2002&quot;,&quot;label&quot;:&quot;Praktikum Raiffeisenlandesbank&quot;,&quot;description&quot;:&quot;2024&quot;,&quot;isAddTinyEditor&quot;:false}],&quot;type&quot;:&quot;horizontal&quot;,&quot;labelLocation&quot;:&quot;top&quot;,&quot;vigibleItems&quot;:5,&quot;moveItem&quot;:0,&quot;align&quot;:&quot;&quot;,&quot;itemPosition&quot;:&quot;right&quot;,&quot;startIndex&quot;:1,&quot;verticalTrigger&quot;:&quot;150px&quot;,&quot;rtlMode&quot;:false,&quot;barBackground&quot;:&quot;#dddddd&quot;,&quot;barDotColor&quot;:&quot;#dddddd&quot;,&quot;itemBg&quot;:&quot;#ffffff&quot;,&quot;itemColor&quot;:&quot;#333333&quot;,&quot;itemTypo&quot;:{&quot;fontSize&quot;:{&quot;desktop&quot;:14,&quot;tablet&quot;:14,&quot;mobile&quot;:14}},&quot;horizontalDatePosition&quot;:&quot;bottom&quot;,&quot;itemBorder&quot;:{&quot;width&quot;:&quot;1px&quot;,&quot;color&quot;:&quot;#cccccc&quot;},&quot;contentBorder&quot;:{&quot;width&quot;:&quot;1px&quot;,&quot;style&quot;:&quot;solid&quot;,&quot;color&quot;:&quot;#72aee6&quot;},&quot;labelTypo&quot;:{&quot;fontSize&quot;:{&quot;desktop&quot;:16,&quot;tablet&quot;:16,&quot;mobile&quot;:16}},&quot;labelColor&quot;:&quot;#222222&quot;,&quot;theme&quot;:&quot;default&quot;,&quot;dateStyles&quot;:{&quot;dateTypo&quot;:{&quot;fontSize&quot;:{&quot;desktop&quot;:14,&quot;tablet&quot;:14,&quot;mobile&quot;:14}},&quot;dateColor&quot;:&quot;black&quot;,&quot;dateContainerSize&quot;:50,&quot;dateBg&quot;:{&quot;color&quot;:&quot;#06b6d4&quot;}},&quot;iconStyles&quot;:{&quot;iconColor&quot;:&quot;orangered&quot;,&quot;iconColorHover&quot;:&quot;red&quot;,&quot;iconSize&quot;:40,&quot;iconContainerSize&quot;:40,&quot;background&quot;:{&quot;normal&quot;:{&quot;color&quot;:&quot;white&quot;},&quot;hover&quot;:{&quot;color&quot;:&quot;red&quot;}},&quot;borderControl&quot;:{&quot;width&quot;:&quot;1px&quot;,&quot;color&quot;:&quot;rgba(18, 235, 195, 1)&quot;,&quot;style&quot;:&quot;inset&quot;},&quot;iconBorderHover&quot;:&quot;1px solid #efefef&quot;},&quot;demoTiny&quot;:[&quot;Hello World&quot;,&quot;Tanin World&quot;,&quot;Shamim World&quot;]}'><\/div>\n\n\n<div class=\"wp-block-group is-content-justification-center is-nowrap is-layout-flex wp-container-core-group-is-layout-a94d2899 wp-block-group-is-layout-flex\" style=\"min-height:0vh;margin-bottom:10vh;padding-top:60px;padding-right:15vw;padding-bottom:60px;padding-left:15vw\">\n<figure class=\"wp-block-image size-full has-custom-border is-style-default\" style=\"margin-right:0vw;margin-left:0vw\"><img loading=\"lazy\" decoding=\"async\" width=\"1009\" height=\"1345\" src=\"https:\/\/spachinger-noah.web.kslinz.at\/spachingern\/wp-content\/uploads\/2025\/06\/Image.jpg\" alt=\"\" class=\"wp-image-432\" style=\"border-style:none;border-width:0px;border-radius:0px\" srcset=\"https:\/\/spachinger-noah.web.kslinz.at\/spachingern\/wp-content\/uploads\/2025\/06\/Image.jpg 1009w, https:\/\/spachinger-noah.web.kslinz.at\/spachingern\/wp-content\/uploads\/2025\/06\/Image-225x300.jpg 225w, https:\/\/spachinger-noah.web.kslinz.at\/spachingern\/wp-content\/uploads\/2025\/06\/Image-768x1024.jpg 768w\" sizes=\"auto, (max-width: 1009px) 100vw, 1009px\" \/><\/figure>\n\n\n\n<p class=\"has-medium-font-size\" style=\"font-style:normal;font-weight:500\">Neben der Schule gehe ich gerne ins Fitnessstudio oder in den Schie\u00dfkeller meines Sch\u00fctzenvereines. In der restlichen Zeit arbeite ich als Kellner in verschiedenen Restaurants und fahre freiwillig f\u00fcr das Rote Kreuz als Rettungssanit\u00e4ter. Und nat\u00fcrlich verbringe ich Zeit mit meinen Freunden am Wochenende.<\/p>\n<\/div>\n\n\n\n<ul class=\"wp-block-social-links is-content-justification-center is-layout-flex wp-container-core-social-links-is-layout-a89b3969 wp-block-social-links-is-layout-flex\"><li class=\"wp-social-link wp-social-link-instagram  wp-block-social-link\"><a href=\"https:\/\/www.instagram.com\/noah.spachinger\/\" class=\"wp-block-social-link-anchor\"><svg width=\"24\" height=\"24\" viewBox=\"0 0 24 24\" version=\"1.1\" xmlns=\"http:\/\/www.w3.org\/2000\/svg\" aria-hidden=\"true\" focusable=\"false\"><path d=\"M12,4.622c2.403,0,2.688,0.009,3.637,0.052c0.877,0.04,1.354,0.187,1.671,0.31c0.42,0.163,0.72,0.358,1.035,0.673 c0.315,0.315,0.51,0.615,0.673,1.035c0.123,0.317,0.27,0.794,0.31,1.671c0.043,0.949,0.052,1.234,0.052,3.637 s-0.009,2.688-0.052,3.637c-0.04,0.877-0.187,1.354-0.31,1.671c-0.163,0.42-0.358,0.72-0.673,1.035 c-0.315,0.315-0.615,0.51-1.035,0.673c-0.317,0.123-0.794,0.27-1.671,0.31c-0.949,0.043-1.233,0.052-3.637,0.052 s-2.688-0.009-3.637-0.052c-0.877-0.04-1.354-0.187-1.671-0.31c-0.42-0.163-0.72-0.358-1.035-0.673 c-0.315-0.315-0.51-0.615-0.673-1.035c-0.123-0.317-0.27-0.794-0.31-1.671C4.631,14.688,4.622,14.403,4.622,12 s0.009-2.688,0.052-3.637c0.04-0.877,0.187-1.354,0.31-1.671c0.163-0.42,0.358-0.72,0.673-1.035 c0.315-0.315,0.615-0.51,1.035-0.673c0.317-0.123,0.794-0.27,1.671-0.31C9.312,4.631,9.597,4.622,12,4.622 M12,3 C9.556,3,9.249,3.01,8.289,3.054C7.331,3.098,6.677,3.25,6.105,3.472C5.513,3.702,5.011,4.01,4.511,4.511 c-0.5,0.5-0.808,1.002-1.038,1.594C3.25,6.677,3.098,7.331,3.054,8.289C3.01,9.249,3,9.556,3,12c0,2.444,0.01,2.751,0.054,3.711 c0.044,0.958,0.196,1.612,0.418,2.185c0.23,0.592,0.538,1.094,1.038,1.594c0.5,0.5,1.002,0.808,1.594,1.038 c0.572,0.222,1.227,0.375,2.185,0.418C9.249,20.99,9.556,21,12,21s2.751-0.01,3.711-0.054c0.958-0.044,1.612-0.196,2.185-0.418 c0.592-0.23,1.094-0.538,1.594-1.038c0.5-0.5,0.808-1.002,1.038-1.594c0.222-0.572,0.375-1.227,0.418-2.185 C20.99,14.751,21,14.444,21,12s-0.01-2.751-0.054-3.711c-0.044-0.958-0.196-1.612-0.418-2.185c-0.23-0.592-0.538-1.094-1.038-1.594 c-0.5-0.5-1.002-0.808-1.594-1.038c-0.572-0.222-1.227-0.375-2.185-0.418C14.751,3.01,14.444,3,12,3L12,3z M12,7.378 c-2.552,0-4.622,2.069-4.622,4.622S9.448,16.622,12,16.622s4.622-2.069,4.622-4.622S14.552,7.378,12,7.378z M12,15 c-1.657,0-3-1.343-3-3s1.343-3,3-3s3,1.343,3,3S13.657,15,12,15z M16.804,6.116c-0.596,0-1.08,0.484-1.08,1.08 s0.484,1.08,1.08,1.08c0.596,0,1.08-0.484,1.08-1.08S17.401,6.116,16.804,6.116z\"><\/path><\/svg><span class=\"wp-block-social-link-label screen-reader-text\">Instagram<\/span><\/a><\/li>\n\n<li class=\"wp-social-link wp-social-link-github  wp-block-social-link\"><a href=\"https:\/\/github.com\/noahspachinger\" class=\"wp-block-social-link-anchor\"><svg width=\"24\" height=\"24\" viewBox=\"0 0 24 24\" version=\"1.1\" xmlns=\"http:\/\/www.w3.org\/2000\/svg\" aria-hidden=\"true\" focusable=\"false\"><path d=\"M12,2C6.477,2,2,6.477,2,12c0,4.419,2.865,8.166,6.839,9.489c0.5,0.09,0.682-0.218,0.682-0.484 c0-0.236-0.009-0.866-0.014-1.699c-2.782,0.602-3.369-1.34-3.369-1.34c-0.455-1.157-1.11-1.465-1.11-1.465 c-0.909-0.62,0.069-0.608,0.069-0.608c1.004,0.071,1.532,1.03,1.532,1.03c0.891,1.529,2.341,1.089,2.91,0.833 c0.091-0.647,0.349-1.086,0.635-1.337c-2.22-0.251-4.555-1.111-4.555-4.943c0-1.091,0.39-1.984,1.03-2.682 C6.546,8.54,6.202,7.524,6.746,6.148c0,0,0.84-0.269,2.75,1.025C10.295,6.95,11.15,6.84,12,6.836 c0.85,0.004,1.705,0.114,2.504,0.336c1.909-1.294,2.748-1.025,2.748-1.025c0.546,1.376,0.202,2.394,0.1,2.646 c0.64,0.699,1.026,1.591,1.026,2.682c0,3.841-2.337,4.687-4.565,4.935c0.359,0.307,0.679,0.917,0.679,1.852 c0,1.335-0.012,2.415-0.012,2.741c0,0.269,0.18,0.579,0.688,0.481C19.138,20.161,22,16.416,22,12C22,6.477,17.523,2,12,2z\"><\/path><\/svg><span class=\"wp-block-social-link-label screen-reader-text\">GitHub<\/span><\/a><\/li>\n\n<li class=\"wp-social-link wp-social-link-mail  wp-block-social-link\"><a href=\"mailto:n&#111;ah&#115;pa&#099;h&#105;&#110;&#103;er&#064;&#103;&#109;a&#105;l.co&#109;\" class=\"wp-block-social-link-anchor\"><svg width=\"24\" height=\"24\" viewBox=\"0 0 24 24\" version=\"1.1\" xmlns=\"http:\/\/www.w3.org\/2000\/svg\" aria-hidden=\"true\" focusable=\"false\"><path d=\"M19,5H5c-1.1,0-2,.9-2,2v10c0,1.1.9,2,2,2h14c1.1,0,2-.9,2-2V7c0-1.1-.9-2-2-2zm.5,12c0,.3-.2.5-.5.5H5c-.3,0-.5-.2-.5-.5V9.8l7.5,5.6,7.5-5.6V17zm0-9.1L12,13.6,4.5,7.9V7c0-.3.2-.5.5-.5h14c.3,0,.5.2.5.5v.9z\"><\/path><\/svg><span class=\"wp-block-social-link-label screen-reader-text\">E-Mail<\/span><\/a><\/li><\/ul>\n\n\n\n<p><\/p>\n","protected":false},"excerpt":{"rendered":"<p>Ich bin Noah Spachinger, 18 Jahre, und derzeit Sch\u00fcler der HLW Kreuzschwestern Linz mit Schwerpunkt Mediendesign und Wirtschaft. Meine Ausbildung umfasst Logodesign, Grafikgestaltung, Fotografie und Fotobearbeitung, Printdesign, Video, Animation und 3D-Design. Wir arbeiten mit den g\u00e4ngigen Adobe Programmen Illustrator, Photoshop, InDesign, Premiere Pro und After Effects, sowie mit 3ds Max. Daneben lernen wir au\u00dferdem die [&hellip;]<\/p>\n","protected":false},"author":1,"featured_media":0,"parent":0,"menu_order":0,"comment_status":"closed","ping_status":"closed","template":"wp-custom-template-temp1","meta":{"_uag_custom_page_level_css":"","footnotes":""},"class_list":["post-102","page","type-page","status-publish","hentry"],"uagb_featured_image_src":{"full":false,"thumbnail":false,"medium":false,"medium_large":false,"large":false,"1536x1536":false,"2048x2048":false},"uagb_author_info":{"display_name":"admin","author_link":"https:\/\/spachinger-noah.web.kslinz.at\/spachingern\/?author=1"},"uagb_comment_info":0,"uagb_excerpt":"Ich bin Noah Spachinger, 18 Jahre, und derzeit Sch\u00fcler der HLW Kreuzschwestern Linz mit Schwerpunkt Mediendesign und Wirtschaft. Meine Ausbildung umfasst Logodesign, Grafikgestaltung, Fotografie und Fotobearbeitung, Printdesign, Video, Animation und 3D-Design. Wir arbeiten mit den g\u00e4ngigen Adobe Programmen Illustrator, Photoshop, InDesign, Premiere Pro und After Effects, sowie mit 3ds Max. Daneben lernen wir au\u00dferdem die&hellip;","_links":{"self":[{"href":"https:\/\/spachinger-noah.web.kslinz.at\/spachingern\/index.php?rest_route=\/wp\/v2\/pages\/102","targetHints":{"allow":["GET"]}}],"collection":[{"href":"https:\/\/spachinger-noah.web.kslinz.at\/spachingern\/index.php?rest_route=\/wp\/v2\/pages"}],"about":[{"href":"https:\/\/spachinger-noah.web.kslinz.at\/spachingern\/index.php?rest_route=\/wp\/v2\/types\/page"}],"author":[{"embeddable":true,"href":"https:\/\/spachinger-noah.web.kslinz.at\/spachingern\/index.php?rest_route=\/wp\/v2\/users\/1"}],"replies":[{"embeddable":true,"href":"https:\/\/spachinger-noah.web.kslinz.at\/spachingern\/index.php?rest_route=%2Fwp%2Fv2%2Fcomments&post=102"}],"version-history":[{"count":51,"href":"https:\/\/spachinger-noah.web.kslinz.at\/spachingern\/index.php?rest_route=\/wp\/v2\/pages\/102\/revisions"}],"predecessor-version":[{"id":437,"href":"https:\/\/spachinger-noah.web.kslinz.at\/spachingern\/index.php?rest_route=\/wp\/v2\/pages\/102\/revisions\/437"}],"wp:attachment":[{"href":"https:\/\/spachinger-noah.web.kslinz.at\/spachingern\/index.php?rest_route=%2Fwp%2Fv2%2Fmedia&parent=102"}],"curies":[{"name":"wp","href":"https:\/\/api.w.org\/{rel}","templated":true}]}}