{"id":104,"date":"2025-04-18T14:00:57","date_gmt":"2025-04-18T14:00:57","guid":{"rendered":"https:\/\/spachinger-noah.web.kslinz.at\/spachingern\/?page_id=104"},"modified":"2025-05-05T13:17:01","modified_gmt":"2025-05-05T13:17:01","slug":"impressum","status":"publish","type":"page","link":"https:\/\/spachinger-noah.web.kslinz.at\/spachingern\/?page_id=104","title":{"rendered":"Impressum"},"content":{"rendered":"\n<div class=\"wp-block-group has-global-padding is-layout-constrained wp-block-group-is-layout-constrained\">\n<p><strong>Offenlegung gem\u00e4\u00df \u00a7 25 Mediengesetz \/ \u00a7 5 ECG<\/strong><\/p>\n\n\n\n<p>Dies ist eine private, nicht kommerzielle Website.<br>Sie dient ausschlie\u00dflich der pers\u00f6nlichen Information und Kommunikation.<\/p>\n\n\n\n<p><strong>Medieninhaber und f\u00fcr den Inhalt verantwortlich:<\/strong><br>Noah Spachinger<br>Stockhofstra\u00dfe 10<br>4020 Linz<br>\u00d6sterreich<\/p>\n\n\n\n<p><strong>Kontakt:<\/strong><br>E-Mail: noahspachinger@gmail.com<\/p>\n\n\n\n<p>Es besteht keine Umsatzsteuerpflicht.<br>Keine Beteiligung an einem Streitschlichtungsverfahren.<\/p>\n<\/div>\n\n\n\n<p><\/p>\n\n\n\n<p><\/p>\n","protected":false},"excerpt":{"rendered":"<p>Offenlegung gem\u00e4\u00df \u00a7 25 Mediengesetz \/ \u00a7 5 ECG Dies ist eine private, nicht kommerzielle Website.Sie dient ausschlie\u00dflich der pers\u00f6nlichen Information und Kommunikation. Medieninhaber und f\u00fcr den Inhalt verantwortlich:Noah SpachingerStockhofstra\u00dfe 104020 Linz\u00d6sterreich Kontakt:E-Mail: noahspachinger@gmail.com Es besteht keine Umsatzsteuerpflicht.Keine Beteiligung an einem Streitschlichtungsverfahren.<\/p>\n","protected":false},"author":1,"featured_media":0,"parent":0,"menu_order":0,"comment_status":"closed","ping_status":"closed","template":"wp-custom-template-temp1","meta":{"_uag_custom_page_level_css":"","footnotes":""},"class_list":["post-104","page","type-page","status-publish","hentry"],"uagb_featured_image_src":{"full":false,"thumbnail":false,"medium":false,"medium_large":false,"large":false,"1536x1536":false,"2048x2048":false},"uagb_author_info":{"display_name":"admin","author_link":"https:\/\/spachinger-noah.web.kslinz.at\/spachingern\/?author=1"},"uagb_comment_info":0,"uagb_excerpt":"Offenlegung gem\u00e4\u00df \u00a7 25 Mediengesetz \/ \u00a7 5 ECG Dies ist eine private, nicht kommerzielle Website.Sie dient ausschlie\u00dflich der pers\u00f6nlichen Information und Kommunikation. Medieninhaber und f\u00fcr den Inhalt verantwortlich:Noah SpachingerStockhofstra\u00dfe 104020 Linz\u00d6sterreich Kontakt:E-Mail: noahspachinger@gmail.com Es besteht keine Umsatzsteuerpflicht.Keine Beteiligung an einem Streitschlichtungsverfahren.","_links":{"self":[{"href":"https:\/\/spachinger-noah.web.kslinz.at\/spachingern\/index.php?rest_route=\/wp\/v2\/pages\/104","targetHints":{"allow":["GET"]}}],"collection":[{"href":"https:\/\/spachinger-noah.web.kslinz.at\/spachingern\/index.php?rest_route=\/wp\/v2\/pages"}],"about":[{"href":"https:\/\/spachinger-noah.web.kslinz.at\/spachingern\/index.php?rest_route=\/wp\/v2\/types\/page"}],"author":[{"embeddable":true,"href":"https:\/\/spachinger-noah.web.kslinz.at\/spachingern\/index.php?rest_route=\/wp\/v2\/users\/1"}],"replies":[{"embeddable":true,"href":"https:\/\/spachinger-noah.web.kslinz.at\/spachingern\/index.php?rest_route=%2Fwp%2Fv2%2Fcomments&post=104"}],"version-history":[{"count":4,"href":"https:\/\/spachinger-noah.web.kslinz.at\/spachingern\/index.php?rest_route=\/wp\/v2\/pages\/104\/revisions"}],"predecessor-version":[{"id":213,"href":"https:\/\/spachinger-noah.web.kslinz.at\/spachingern\/index.php?rest_route=\/wp\/v2\/pages\/104\/revisions\/213"}],"wp:attachment":[{"href":"https:\/\/spachinger-noah.web.kslinz.at\/spachingern\/index.php?rest_route=%2Fwp%2Fv2%2Fmedia&parent=104"}],"curies":[{"name":"wp","href":"https:\/\/api.w.org\/{rel}","templated":true}]}}